{"id":2367,"date":"2024-07-16T14:50:21","date_gmt":"2024-07-16T17:50:21","guid":{"rendered":"https:\/\/munditrip.com.br\/?page_id=2367"},"modified":"2024-07-16T14:57:14","modified_gmt":"2024-07-16T17:57:14","slug":"politica-de-cookies","status":"publish","type":"page","link":"https:\/\/munditrip.com.br\/en\/politica-de-cookies\/","title":{"rendered":"Politica de Cookies"},"content":{"rendered":"<div data-elementor-type=\"wp-page\" data-elementor-id=\"2367\" class=\"elementor elementor-2367\" data-elementor-post-type=\"page\">\n\t\t\t\t<div class=\"elementor-element elementor-element-169f1ca e-flex e-con-boxed e-con e-parent\" data-id=\"169f1ca\" data-element_type=\"container\" data-e-type=\"container\">\n\t\t\t\t\t<div class=\"e-con-inner\">\n\t\t\t\t<div class=\"elementor-element elementor-element-b35ab8e elementor-widget elementor-widget-heading\" data-id=\"b35ab8e\" data-element_type=\"widget\" data-e-type=\"widget\" data-widget_type=\"heading.default\">\n\t\t\t\t<div class=\"elementor-widget-container\">\n\t\t\t\t\t<h2 class=\"elementor-heading-title elementor-size-default\">Pol\u00edtica de Cookies<\/h2>\t\t\t\t<\/div>\n\t\t\t\t<\/div>\n\t\t\t\t<div class=\"elementor-element elementor-element-17f7179 elementor-widget elementor-widget-text-editor\" data-id=\"17f7179\" data-element_type=\"widget\" data-e-type=\"widget\" data-widget_type=\"text-editor.default\">\n\t\t\t\t<div class=\"elementor-widget-container\">\n\t\t\t\t\t\t\t\t\t<p>Nosso site utiliza cookies para personalizar sua experi\u00eancia online. Ao acessar www.munditrip.com.br, voc\u00ea concorda com o uso dos cookies necess\u00e1rios.<\/p><p>Cookies s\u00e3o arquivos de texto armazenados em seu disco r\u00edgido por um servidor web. Eles n\u00e3o podem executar programas ou transmitir v\u00edrus para seu computador. Os cookies s\u00e3o unicamente associados a voc\u00ea e s\u00f3 podem ser lidos pelo servidor do dom\u00ednio que os emitiu.<\/p><p>Podemos utilizar cookies para coletar, armazenar ou rastrear informa\u00e7\u00f5es para fins estat\u00edsticos e de marketing do nosso site. Voc\u00ea pode optar por aceitar ou rejeitar os cookies opcionais. No entanto, alguns cookies s\u00e3o essenciais para o funcionamento do nosso site e n\u00e3o requerem seu consentimento. Ao aceitar esses cookies obrigat\u00f3rios, voc\u00ea tamb\u00e9m estar\u00e1 aceitando cookies de terceiros, que podem ser utilizados caso voc\u00ea acesse servi\u00e7os fornecidos por terceiros em nosso site \u2013 por exemplo, uma janela de v\u00eddeo integrada fornecida por outra empresa.<\/p><p>Por favor, esteja ciente de que, ao aceitar os cookies essenciais, voc\u00ea tamb\u00e9m poder\u00e1 estar aceitando cookies de terceiros usados pelos servi\u00e7os que eles fornecem em nosso site.<\/p>\t\t\t\t\t\t\t\t<\/div>\n\t\t\t\t<\/div>\n\t\t\t\t\t<\/div>\n\t\t\t\t<\/div>\n\t\t\t\t<\/div>","protected":false},"excerpt":{"rendered":"<p>Pol\u00edtica de Cookies Nosso site utiliza cookies para personalizar sua experi\u00eancia online. Ao acessar www.munditrip.com.br, voc\u00ea concorda com o uso dos cookies necess\u00e1rios. Cookies s\u00e3o arquivos de texto armazenados em seu disco r\u00edgido por um servidor web. Eles n\u00e3o podem executar programas ou transmitir v\u00edrus para seu computador. Os cookies s\u00e3o unicamente associados a voc\u00ea [&hellip;]<\/p>\n","protected":false},"author":1,"featured_media":0,"parent":0,"menu_order":0,"comment_status":"closed","ping_status":"closed","template":"elementor_header_footer","meta":{"_acf_changed":false,"_crdt_document":"","footnotes":""},"class_list":["post-2367","page","type-page","status-publish","hentry"],"acf":[],"_links":{"self":[{"href":"https:\/\/munditrip.com.br\/en\/wp-json\/wp\/v2\/pages\/2367","targetHints":{"allow":["GET"]}}],"collection":[{"href":"https:\/\/munditrip.com.br\/en\/wp-json\/wp\/v2\/pages"}],"about":[{"href":"https:\/\/munditrip.com.br\/en\/wp-json\/wp\/v2\/types\/page"}],"author":[{"embeddable":true,"href":"https:\/\/munditrip.com.br\/en\/wp-json\/wp\/v2\/users\/1"}],"replies":[{"embeddable":true,"href":"https:\/\/munditrip.com.br\/en\/wp-json\/wp\/v2\/comments?post=2367"}],"version-history":[{"count":0,"href":"https:\/\/munditrip.com.br\/en\/wp-json\/wp\/v2\/pages\/2367\/revisions"}],"wp:attachment":[{"href":"https:\/\/munditrip.com.br\/en\/wp-json\/wp\/v2\/media?parent=2367"}],"curies":[{"name":"wp","href":"https:\/\/api.w.org\/{rel}","templated":true}]}}