{"id":1026,"date":"2024-04-18T14:08:46","date_gmt":"2024-04-18T17:08:46","guid":{"rendered":"https:\/\/munditrip.com.br\/?page_id=1026"},"modified":"2024-07-17T13:56:51","modified_gmt":"2024-07-17T16:56:51","slug":"sobre-nos","status":"publish","type":"page","link":"https:\/\/munditrip.com.br\/en\/sobre-nos\/","title":{"rendered":"Sobre N\u00f3s"},"content":{"rendered":"<div data-elementor-type=\"wp-page\" data-elementor-id=\"1026\" class=\"elementor elementor-1026\" data-elementor-post-type=\"page\">\n\t\t\t\t<div class=\"elementor-element elementor-element-3de2f408 e-flex e-con-boxed e-con e-parent\" data-id=\"3de2f408\" data-element_type=\"container\" data-e-type=\"container\">\n\t\t\t\t\t<div class=\"e-con-inner\">\n\t\t\t\t<div class=\"elementor-element elementor-element-8c5cb3a elementor-widget elementor-widget-heading\" data-id=\"8c5cb3a\" data-element_type=\"widget\" data-e-type=\"widget\" data-widget_type=\"heading.default\">\n\t\t\t\t<div class=\"elementor-widget-container\">\n\t\t\t\t\t<h2 class=\"elementor-heading-title elementor-size-default\">Sobre N\u00f3s<\/h2>\t\t\t\t<\/div>\n\t\t\t\t<\/div>\n\t\t\t\t<div class=\"elementor-element elementor-element-1100e3d8 elementor-widget elementor-widget-text-editor\" data-id=\"1100e3d8\" data-element_type=\"widget\" data-e-type=\"widget\" data-widget_type=\"text-editor.default\">\n\t\t\t\t<div class=\"elementor-widget-container\">\n\t\t\t\t\t\t\t\t\t<p><\/p>\n<p class=\"wp-block-paragraph\">Bem-vindo ao Mundi Trip!<\/p>\n<p>Somos apaixonados por viagens e estamos aqui para transformar suas aventuras em momentos inesquec\u00edveis. Desde destinos ex\u00f3ticos at\u00e9 escapadas urbanas, nossa miss\u00e3o \u00e9 tornar cada viagem uma experi\u00eancia \u00fanica e enriquecedora.<\/p>\n<p><strong>Quem Somos<br \/><\/strong><br \/>O Mundi Trip nasceu da ideia de um casal que compartilham a mesma paix\u00e3o por explorar o mundo. Cada um de n\u00f3s traz consigo anos de experi\u00eancia em planejamento de viagens, hospitalidade e descoberta de destinos incr\u00edveis.<\/p>\n<p>Nosso objetivo \u00e9 simplificar o processo de viagem, oferecendo pacotes personalizados, dicas exclusivas e suporte dedicado para cada cliente. Acreditamos que viajar vai al\u00e9m de visitar lugares; \u00e9 uma jornada de autoconhecimento e conex\u00e3o com culturas diversas.<\/p>\n<p><strong>O que Oferecemos<\/strong><\/p>\n<p>&#8211; Oferecemos dicas de Roteiros.<br \/>&#8211; Estamos sempre dispon\u00edveis para ajudar antes, durante e ap\u00f3s a sua viagem.<br \/>&#8211; Compartilhamos segredos de viagem e recomenda\u00e7\u00f5es aut\u00eanticas de locais em destinos ao redor do mundo.<br \/>&#8211; Oferecemos acesso a atividades exclusivas e experi\u00eancias aut\u00eanticas em cada destino.<\/p>\n<p><strong>Nossa Miss\u00e3o<\/strong><\/p>\n<p>Queremos inspirar as pessoas a explorar o mundo de maneira significativa e respons\u00e1vel. Ao promover o turismo consciente e sustent\u00e1vel, buscamos preservar e valorizar os destinos que visitamos.<\/p>\n<p>No Mundi Trip, acreditamos que cada viagem \u00e9 uma oportunidade de criar mem\u00f3rias duradouras e expandir horizontes. Estamos aqui para ajud\u00e1-lo a descobrir o extraordin\u00e1rio em todos os cantos do planeta.<\/p>\n<p>Junte-se a n\u00f3s e comece sua pr\u00f3xima aventura com o Mundi Trip!<\/p>\n<p>Contate-nos: <br \/>Email: contato@munditrip.com.br<br \/>Siga-nos para inspira\u00e7\u00e3o di\u00e1ria de viagens.<\/p>\n<p><\/p>\t\t\t\t\t\t\t\t<\/div>\n\t\t\t\t<\/div>\n\t\t\t\t<div class=\"elementor-element elementor-element-726e336 elementor-shape-rounded elementor-grid-0 e-grid-align-center elementor-widget elementor-widget-social-icons\" data-id=\"726e336\" data-element_type=\"widget\" data-e-type=\"widget\" data-widget_type=\"social-icons.default\">\n\t\t\t\t<div class=\"elementor-widget-container\">\n\t\t\t\t\t\t\t<div class=\"elementor-social-icons-wrapper elementor-grid\" role=\"list\">\n\t\t\t\t\t\t\t<span class=\"elementor-grid-item\" role=\"listitem\">\n\t\t\t\t\t<a class=\"elementor-icon elementor-social-icon elementor-social-icon-facebook elementor-repeater-item-aeeb27f\" href=\"https:\/\/www.facebook.com\/minditrip\" target=\"_blank\" rel=\"nofollow noopener\">\n\t\t\t\t\t\t<span class=\"elementor-screen-only\">Facebook<\/span>\n\t\t\t\t\t\t<svg aria-hidden=\"true\" class=\"e-font-icon-svg e-fab-facebook\" viewbox=\"0 0 512 512\" xmlns=\"http:\/\/www.w3.org\/2000\/svg\"><path d=\"M504 256C504 119 393 8 256 8S8 119 8 256c0 123.78 90.69 226.38 209.25 245V327.69h-63V256h63v-54.64c0-62.15 37-96.48 93.67-96.48 27.14 0 55.52 4.84 55.52 4.84v61h-31.28c-30.8 0-40.41 19.12-40.41 38.73V256h68.78l-11 71.69h-57.78V501C413.31 482.38 504 379.78 504 256z\"><\/path><\/svg>\t\t\t\t\t<\/a>\n\t\t\t\t<\/span>\n\t\t\t\t\t\t\t<span class=\"elementor-grid-item\" role=\"listitem\">\n\t\t\t\t\t<a class=\"elementor-icon elementor-social-icon elementor-social-icon-instagram elementor-repeater-item-f4e0ba5\" href=\"http:\/\/www.instagram.com\/munditripoficial\" target=\"_blank\" rel=\"nofollow noopener\">\n\t\t\t\t\t\t<span class=\"elementor-screen-only\">Instagram<\/span>\n\t\t\t\t\t\t<svg aria-hidden=\"true\" class=\"e-font-icon-svg e-fab-instagram\" viewbox=\"0 0 448 512\" xmlns=\"http:\/\/www.w3.org\/2000\/svg\"><path d=\"M224.1 141c-63.6 0-114.9 51.3-114.9 114.9s51.3 114.9 114.9 114.9S339 319.5 339 255.9 287.7 141 224.1 141zm0 189.6c-41.1 0-74.7-33.5-74.7-74.7s33.5-74.7 74.7-74.7 74.7 33.5 74.7 74.7-33.6 74.7-74.7 74.7zm146.4-194.3c0 14.9-12 26.8-26.8 26.8-14.9 0-26.8-12-26.8-26.8s12-26.8 26.8-26.8 26.8 12 26.8 26.8zm76.1 27.2c-1.7-35.9-9.9-67.7-36.2-93.9-26.2-26.2-58-34.4-93.9-36.2-37-2.1-147.9-2.1-184.9 0-35.8 1.7-67.6 9.9-93.9 36.1s-34.4 58-36.2 93.9c-2.1 37-2.1 147.9 0 184.9 1.7 35.9 9.9 67.7 36.2 93.9s58 34.4 93.9 36.2c37 2.1 147.9 2.1 184.9 0 35.9-1.7 67.7-9.9 93.9-36.2 26.2-26.2 34.4-58 36.2-93.9 2.1-37 2.1-147.8 0-184.8zM398.8 388c-7.8 19.6-22.9 34.7-42.6 42.6-29.5 11.7-99.5 9-132.1 9s-102.7 2.6-132.1-9c-19.6-7.8-34.7-22.9-42.6-42.6-11.7-29.5-9-99.5-9-132.1s-2.6-102.7 9-132.1c7.8-19.6 22.9-34.7 42.6-42.6 29.5-11.7 99.5-9 132.1-9s102.7-2.6 132.1 9c19.6 7.8 34.7 22.9 42.6 42.6 11.7 29.5 9 99.5 9 132.1s2.7 102.7-9 132.1z\"><\/path><\/svg>\t\t\t\t\t<\/a>\n\t\t\t\t<\/span>\n\t\t\t\t\t<\/div>\n\t\t\t\t\t\t<\/div>\n\t\t\t\t<\/div>\n\t\t\t\t\t<\/div>\n\t\t\t\t<\/div>\n\t\t\t\t<\/div>","protected":false},"excerpt":{"rendered":"<p>Sobre N\u00f3s Bem-vindo ao Mundi Trip! Somos apaixonados por viagens e estamos aqui para transformar suas aventuras em momentos inesquec\u00edveis. Desde destinos ex\u00f3ticos at\u00e9 escapadas urbanas, nossa miss\u00e3o \u00e9 tornar cada viagem uma experi\u00eancia \u00fanica e enriquecedora. Quem SomosO Mundi Trip nasceu da ideia de um casal que compartilham a mesma paix\u00e3o por explorar o [&hellip;]<\/p>\n","protected":false},"author":2,"featured_media":0,"parent":0,"menu_order":0,"comment_status":"closed","ping_status":"open","template":"","meta":{"_acf_changed":false,"_crdt_document":"","footnotes":""},"class_list":["post-1026","page","type-page","status-publish","hentry"],"acf":[],"_links":{"self":[{"href":"https:\/\/munditrip.com.br\/en\/wp-json\/wp\/v2\/pages\/1026","targetHints":{"allow":["GET"]}}],"collection":[{"href":"https:\/\/munditrip.com.br\/en\/wp-json\/wp\/v2\/pages"}],"about":[{"href":"https:\/\/munditrip.com.br\/en\/wp-json\/wp\/v2\/types\/page"}],"author":[{"embeddable":true,"href":"https:\/\/munditrip.com.br\/en\/wp-json\/wp\/v2\/users\/2"}],"replies":[{"embeddable":true,"href":"https:\/\/munditrip.com.br\/en\/wp-json\/wp\/v2\/comments?post=1026"}],"version-history":[{"count":0,"href":"https:\/\/munditrip.com.br\/en\/wp-json\/wp\/v2\/pages\/1026\/revisions"}],"wp:attachment":[{"href":"https:\/\/munditrip.com.br\/en\/wp-json\/wp\/v2\/media?parent=1026"}],"curies":[{"name":"wp","href":"https:\/\/api.w.org\/{rel}","templated":true}]}}