{"id":1024,"date":"2024-04-18T13:47:55","date_gmt":"2024-04-18T16:47:55","guid":{"rendered":"https:\/\/munditrip.com.br\/?page_id=1024"},"modified":"2024-04-18T13:47:58","modified_gmt":"2024-04-18T16:47:58","slug":"transparencia","status":"publish","type":"page","link":"https:\/\/munditrip.com.br\/en\/transparencia\/","title":{"rendered":"Transpar\u00eancia"},"content":{"rendered":"<p class=\"wp-block-paragraph\">Bem-vindo \u00e0 nossa P\u00e1gina de Transpar\u00eancia, onde valorizamos a honestidade e a clareza em todas as nossas opera\u00e7\u00f5es no\u00a0<a href=\"https:\/\/munditrip.com.br\/en\/\" data-type=\"link\" data-id=\"munditrip.com.br\">Mundi Trip<\/a> Nosso compromisso com a transpar\u00eancia visa criar uma rela\u00e7\u00e3o de confian\u00e7a com nossos leitores, afiliados e parceiros.<\/p>\n\n\n\n<p class=\"wp-block-paragraph\"><strong>Origem dos Artigos:<\/strong>\u00a0Os artigos publicados no\u00a0<a href=\"https:\/\/burucagourmet.com.br\/\" target=\"_blank\" rel=\"noopener\"><\/a><a href=\"https:\/\/burucagourmet.com.br\/\" target=\"_blank\" rel=\"noopener\"><\/a><a href=\"https:\/\/munditrip.com.br\/en\/\" data-type=\"link\" data-id=\"www.munditrip\">Mundi Trip<\/a> s\u00e3o produzidos por nossa equipe interna de especialistas em Gourmet. Em alguns casos, podemos apresentar colabora\u00e7\u00f5es externas de profissionais renomados na \u00e1rea. Garantimos que todos os artigos passam por uma rigorosa revis\u00e3o antes da publica\u00e7\u00e3o.<\/p>\n\n\n\n<p class=\"wp-block-paragraph\"><strong>Fonte das Imagens:<\/strong>&nbsp;As imagens utilizadas em nosso site s\u00e3o obtidas de diversas fontes, incluindo bancos de imagens gratuitos, imagens licenciadas e material produzido internamente. Sempre nos esfor\u00e7amos para respeitar os direitos autorais e dar o devido cr\u00e9dito quando necess\u00e1rio.<\/p>\n\n\n\n<p class=\"wp-block-paragraph\"><strong>Coment\u00e1rios e Participa\u00e7\u00e3o dos Leitores:<\/strong>&nbsp;Encorajamos ativamente os coment\u00e1rios e a participa\u00e7\u00e3o dos leitores em nosso site. Todos os coment\u00e1rios s\u00e3o moderados para garantir um ambiente construtivo e respeitoso. As opini\u00f5es expressas pelos leitores s\u00e3o de responsabilidade exclusiva dos mesmos.<\/p>\n\n\n\n<p class=\"wp-block-paragraph\"><strong>Afiliados:<\/strong>&nbsp;Algumas de nossas postagens podem conter links de afiliados. Isso significa que, se um leitor clicar e realizar uma compra atrav\u00e9s desse link, podemos receber uma comiss\u00e3o. Esse processo n\u00e3o afeta o pre\u00e7o final do produto ou servi\u00e7o para o leitor. Ressaltamos que s\u00f3 promovemos produtos e servi\u00e7os que acreditamos serem de qualidade e relev\u00e2ncia.<\/p>\n\n\n\n<p class=\"wp-block-paragraph\"><strong>Publicidade:<\/strong>\u00a0O\u00a0<a href=\"https:\/\/burucagourmet.com.br\/\" target=\"_blank\" rel=\"noopener\"><\/a><a href=\"https:\/\/munditrip.com.br\/en\/\" data-type=\"link\" data-id=\"www.munditrip\">Mundi Trip<\/a> pode exibir an\u00fancios de terceiros em algumas \u00e1reas do site. Esses an\u00fancios s\u00e3o claramente identificados e n\u00e3o influenciam nosso conte\u00fado editorial. Trabalhamos com anunciantes cujos produtos ou servi\u00e7os s\u00e3o consistentes com nossa miss\u00e3o e valores.<\/p>\n\n\n\n<p class=\"wp-block-paragraph\">Estamos comprometidos em manter um ambiente transparente e \u00e9tico em todas as nossas opera\u00e7\u00f5es. Se tiver d\u00favidas adicionais ou precisar de mais informa\u00e7\u00f5es, entre em contato conosco atrav\u00e9s da nossa p\u00e1gina de contato.<\/p>\n\n\n\n<p class=\"wp-block-paragraph\">Agradecemos por confiar no\u00a0<a href=\"https:\/\/burucagourmet.com.br\/\" target=\"_blank\" rel=\"noopener\"><\/a><a href=\"https:\/\/munditrip.com.br\/en\/\" data-type=\"link\" data-id=\"www.munditrip\">Mundi Trip<\/a> como sua fonte de informa\u00e7\u00f5es confi\u00e1vel em Gourmet.<\/p>\n\n\n\n<p class=\"wp-block-paragraph\">Atenciosamente,<\/p>\n\n\n\n<p class=\"wp-block-paragraph\">Equipe\u00a0<a href=\"https:\/\/burucagourmet.com.br\/\" target=\"_blank\" rel=\"noopener\"><\/a><a href=\"https:\/\/burucagourmet.com.br\/\" target=\"_blank\" rel=\"noopener\"><\/a><a href=\"https:\/\/munditrip.com.br\/en\/\" data-type=\"link\" data-id=\"www.munditrip\">Mundi Trip<\/a><\/p>\n\n\n\n<p class=\"wp-block-paragraph\">Ultima atualiza\u00e7\u00e3o 18\/01\/2024<\/p>","protected":false},"excerpt":{"rendered":"<p>Bem-vindo \u00e0 nossa P\u00e1gina de Transpar\u00eancia, onde valorizamos a honestidade e a clareza em todas as nossas opera\u00e7\u00f5es no\u00a0Mundi Trip Nosso compromisso com a transpar\u00eancia visa criar uma rela\u00e7\u00e3o de confian\u00e7a com nossos leitores, afiliados e parceiros. Origem dos Artigos:\u00a0Os artigos publicados no\u00a0Mundi Trip s\u00e3o produzidos por nossa equipe interna de especialistas em Gourmet. Em [&hellip;]<\/p>\n","protected":false},"author":2,"featured_media":0,"parent":0,"menu_order":0,"comment_status":"closed","ping_status":"open","template":"","meta":{"_acf_changed":false,"_crdt_document":"","footnotes":""},"class_list":["post-1024","page","type-page","status-publish","hentry"],"acf":[],"_links":{"self":[{"href":"https:\/\/munditrip.com.br\/en\/wp-json\/wp\/v2\/pages\/1024","targetHints":{"allow":["GET"]}}],"collection":[{"href":"https:\/\/munditrip.com.br\/en\/wp-json\/wp\/v2\/pages"}],"about":[{"href":"https:\/\/munditrip.com.br\/en\/wp-json\/wp\/v2\/types\/page"}],"author":[{"embeddable":true,"href":"https:\/\/munditrip.com.br\/en\/wp-json\/wp\/v2\/users\/2"}],"replies":[{"embeddable":true,"href":"https:\/\/munditrip.com.br\/en\/wp-json\/wp\/v2\/comments?post=1024"}],"version-history":[{"count":0,"href":"https:\/\/munditrip.com.br\/en\/wp-json\/wp\/v2\/pages\/1024\/revisions"}],"wp:attachment":[{"href":"https:\/\/munditrip.com.br\/en\/wp-json\/wp\/v2\/media?parent=1024"}],"curies":[{"name":"wp","href":"https:\/\/api.w.org\/{rel}","templated":true}]}}